{"id":326,"date":"2017-12-11T20:27:58","date_gmt":"2017-12-11T18:27:58","guid":{"rendered":"http:\/\/tervisekeskus.v-maarja.ee\/?page_id=326"},"modified":"2025-09-23T15:13:08","modified_gmt":"2025-09-23T12:13:08","slug":"lingid","status":"publish","type":"page","link":"https:\/\/tervisekeskus.v-maarja.ee\/outervisekeskus\/lingid\/","title":{"rendered":"Lingid"},"content":{"rendered":"<p style=\"text-align: center;\">Mootors\u00f5iduki juhtimis\u00f5iguse taotlemisel ja lubade pikendamisel palun tutvuda Riigi Teatajas alloleva m\u00e4\u00e4rusega:<br \/>\nMootors\u00f5idukijuhi ja mootors\u00f5iduki juhtimis\u00f5iguse taotleja ning trammijuhi ja trammi juhtimis\u00f5iguse taotleja tervisekontrolli tingimused ja kord ning tervisen\u00f5uded, sealhulgas meditsiinilised vastun\u00e4idustused, mille korral mootors\u00f5iduki ja trammi juhtimine ei ole lubatud [RT I, 21.10.2014, 9 &#8211; j\u00f5ust. 24.10.2014]<\/p>\n<table id=\"lingid\" style=\"border: none;\">\n<tbody>\n<tr style=\"border: none;\">\n<td><a href=\"http:\/\/www.haigekassa.ee\">http:\/\/www.tervisekassa.ee<\/a><\/td>\n<td><a href=\"http:\/\/www.terviseamet.ee\">http:\/\/www.terviseamet.ee<\/a><\/td>\n<\/tr>\n<tr>\n<td><a href=\"http:\/\/www.ravimiinfo.ee\">http:\/\/www.ravimiinfo.ee<\/a><\/td>\n<td><a href=\"http:\/\/www.inimene.ee\">http:\/\/www.inimene.ee<\/a><\/td>\n<\/tr>\n<tr>\n<td><a href=\"http:\/\/www.perearstiselts.ee\">http:\/\/www.perearstiselts.ee<\/a><\/td>\n<td><a href=\"http:\/\/www.kliinik.ee\">http:\/\/www.kliinik.ee<\/a><\/td>\n<\/tr>\n<tr>\n<td><a href=\"http:\/\/www.arst.ee\">http:\/\/www.arst.ee<\/a><\/td>\n<td><a href=\"http:\/\/www.tervis.ee\">http:\/\/www.tervis.ee<\/a><\/td>\n<\/tr>\n<tr>\n<td><a href=\"http:\/\/www.gripp.ee\">http:\/\/www.gripp.ee<\/a><\/td>\n<td><a href=\"http:\/\/www.korvetised.ee\">http:\/\/www.korvetised.ee<\/a><\/td>\n<\/tr>\n<tr>\n<td><a href=\"http:\/\/www.rinnavahk.ee\">http:\/\/www.rinnavahk.ee<\/a><\/td>\n<td><a href=\"http:\/\/www.endometrioos.ee\">http:\/\/www.endometrioos.ee<\/a><\/td>\n<\/tr>\n<tr>\n<td><a href=\"http:\/\/www.astma.ee\">http:\/\/www.astma.ee<\/a><\/td>\n<td><a href=\"http:\/\/www.konoraar.ee\">http:\/\/www.konoraar.ee<\/a><\/td>\n<\/tr>\n<tr>\n<td><a href=\"http:\/\/www.artoos.ee\">http:\/\/www.artoos.ee<\/a><\/td>\n<td><a href=\"http:\/\/www.vaktsiin.ee\">http:\/\/www.vaktsiin.ee<\/a><\/td>\n<\/tr>\n<tr>\n<td><a href=\"http:\/\/www.meestekliinik.ee\">http:\/\/www.meestekliinik.ee<\/a><\/td>\n<td><a href=\"http:\/\/www.hepatiit.net\">http:\/\/www.hepatiit.net<\/a><\/td>\n<\/tr>\n<tr>\n<td><a href=\"http:\/\/www.peavalu.ee\">http:\/\/www.peavalu.ee<\/a><\/td>\n<td><a href=\"http:\/\/www.menopaus.info\">http:\/\/www.menopaus.info<\/a><\/td>\n<\/tr>\n<tr>\n<td><a href=\"http:\/\/www.allergialiit.ee\">http:\/\/www.allergialiit.ee<\/a><\/td>\n<td><a href=\"http:\/\/www.kasvaja.net\">http:\/\/www.kasvaja.net<\/a><\/td>\n<\/tr>\n<tr>\n<td><a href=\"http:\/\/www.narko.ee\">http:\/\/www.narko.ee<\/a><\/td>\n<td><a href=\"http:\/\/www.weight-watchers.ee\">http:\/\/www.weight-watchers.ee<\/a><\/td>\n<\/tr>\n<tr>\n<td><a href=\"http:\/\/www.tromboos.ee\">http:\/\/www.tromboos.ee<\/a><\/td>\n<td><a href=\"http:\/\/www.diabetes.ee\">http:\/\/www.diabetes.ee<\/a><\/td>\n<\/tr>\n<tr>\n<td><a href=\"http:\/\/www.alkoinfo.ee\">http:\/\/www.alkoinfo.ee<\/a><\/td>\n<td><\/td>\n<\/tr>\n<\/tbody>\n<\/table>\n","protected":false},"excerpt":{"rendered":"<p>Mootors\u00f5iduki juhtimis\u00f5iguse taotlemisel ja lubade pikendamisel palun tutvuda Riigi Teatajas alloleva m\u00e4\u00e4rusega: Mootors\u00f5idukijuhi ja mootors\u00f5iduki juhtimis\u00f5iguse taotleja ning trammijuhi ja trammi juhtimis\u00f5iguse taotleja tervisekontrolli tingimused ja kord ning tervisen\u00f5uded, sealhulgas meditsiinilised vastun\u00e4idustused, mille korral mootors\u00f5iduki ja trammi juhtimine ei ole lubatud [RT I, 21.10.2014, 9 &#8211; j\u00f5ust. 24.10.2014] http:\/\/www.tervisekassa.ee http:\/\/www.terviseamet.ee http:\/\/www.ravimiinfo.ee http:\/\/www.inimene.ee http:\/\/www.perearstiselts.ee http:\/\/www.kliinik.ee http:\/\/www.arst.ee [&hellip;]<\/p>\n","protected":false},"author":1,"featured_media":0,"parent":0,"menu_order":0,"comment_status":"closed","ping_status":"closed","template":"","meta":{"footnotes":""},"class_list":["post-326","page","type-page","status-publish","hentry"],"_links":{"self":[{"href":"https:\/\/tervisekeskus.v-maarja.ee\/outervisekeskus\/wp-json\/wp\/v2\/pages\/326","targetHints":{"allow":["GET"]}}],"collection":[{"href":"https:\/\/tervisekeskus.v-maarja.ee\/outervisekeskus\/wp-json\/wp\/v2\/pages"}],"about":[{"href":"https:\/\/tervisekeskus.v-maarja.ee\/outervisekeskus\/wp-json\/wp\/v2\/types\/page"}],"author":[{"embeddable":true,"href":"https:\/\/tervisekeskus.v-maarja.ee\/outervisekeskus\/wp-json\/wp\/v2\/users\/1"}],"replies":[{"embeddable":true,"href":"https:\/\/tervisekeskus.v-maarja.ee\/outervisekeskus\/wp-json\/wp\/v2\/comments?post=326"}],"version-history":[{"count":9,"href":"https:\/\/tervisekeskus.v-maarja.ee\/outervisekeskus\/wp-json\/wp\/v2\/pages\/326\/revisions"}],"predecessor-version":[{"id":1632,"href":"https:\/\/tervisekeskus.v-maarja.ee\/outervisekeskus\/wp-json\/wp\/v2\/pages\/326\/revisions\/1632"}],"wp:attachment":[{"href":"https:\/\/tervisekeskus.v-maarja.ee\/outervisekeskus\/wp-json\/wp\/v2\/media?parent=326"}],"curies":[{"name":"wp","href":"https:\/\/api.w.org\/{rel}","templated":true}]}}