{"id":241,"date":"2017-12-11T11:23:10","date_gmt":"2017-12-11T09:23:10","guid":{"rendered":"http:\/\/tervisekeskus.v-maarja.ee\/?page_id=241"},"modified":"2023-04-18T08:49:28","modified_gmt":"2023-04-18T05:49:28","slug":"diagnostilised-ja-raviprotseduurid","status":"publish","type":"page","link":"https:\/\/tervisekeskus.v-maarja.ee\/outervisekeskus\/diagnostilised-ja-raviprotseduurid\/","title":{"rendered":"Diagnostilised- ja raviprotseduurid"},"content":{"rendered":"<p><img loading=\"lazy\" decoding=\"async\" class=\"alignnone wp-image-262\" src=\"https:\/\/tervisekeskus.v-maarja.ee\/outervisekeskus\/wp-content\/uploads\/2017\/12\/tklogo.png\" alt=\"\" width=\"19\" height=\"20\" \/> EKG teostamine<\/p>\n<p><img loading=\"lazy\" decoding=\"async\" class=\"alignnone wp-image-262\" src=\"https:\/\/tervisekeskus.v-maarja.ee\/outervisekeskus\/wp-content\/uploads\/2017\/12\/tklogo.png\" alt=\"\" width=\"19\" height=\"20\" \/> Kopsufunktsiooni uurimine (PEF -meetria)<\/p>\n<p><img loading=\"lazy\" decoding=\"async\" class=\"alignnone wp-image-262\" src=\"https:\/\/tervisekeskus.v-maarja.ee\/outervisekeskus\/wp-content\/uploads\/2017\/12\/tklogo.png\" alt=\"\" width=\"19\" height=\"20\" \/> Verer\u00f5hu m\u00f5\u00f5tmine<\/p>\n<p><img loading=\"lazy\" decoding=\"async\" class=\"alignnone wp-image-262\" src=\"https:\/\/tervisekeskus.v-maarja.ee\/outervisekeskus\/wp-content\/uploads\/2017\/12\/tklogo.png\" alt=\"\" width=\"19\" height=\"20\" \/> CRV (p\u00f5letiku n\u00e4itaja) kiirtest kapillaarverest<\/p>\n<p><img loading=\"lazy\" decoding=\"async\" class=\"alignnone wp-image-262\" src=\"https:\/\/tervisekeskus.v-maarja.ee\/outervisekeskus\/wp-content\/uploads\/2017\/12\/tklogo.png\" alt=\"\" width=\"19\" height=\"20\" \/>\u00a0Veresuhkru ja INR kiirtest kapillaarverest<\/p>\n<p><img loading=\"lazy\" decoding=\"async\" class=\"alignnone wp-image-262\" src=\"https:\/\/tervisekeskus.v-maarja.ee\/outervisekeskus\/wp-content\/uploads\/2017\/12\/tklogo.png\" alt=\"\" width=\"19\" height=\"20\" \/>\u00a0Uriini kiirtest<\/p>\n<p><img loading=\"lazy\" decoding=\"async\" class=\"alignnone wp-image-262\" src=\"https:\/\/tervisekeskus.v-maarja.ee\/outervisekeskus\/wp-content\/uploads\/2017\/12\/tklogo.png\" alt=\"\" width=\"19\" height=\"20\" \/> S\u00fcstimised<\/p>\n<p><img loading=\"lazy\" decoding=\"async\" class=\"alignnone wp-image-262\" src=\"https:\/\/tervisekeskus.v-maarja.ee\/outervisekeskus\/wp-content\/uploads\/2017\/12\/tklogo.png\" alt=\"\" width=\"19\" height=\"20\" \/> Haavade ja p\u00f5letuste sidumine<\/p>\n<p><img loading=\"lazy\" decoding=\"async\" class=\"alignnone wp-image-262\" src=\"https:\/\/tervisekeskus.v-maarja.ee\/outervisekeskus\/wp-content\/uploads\/2017\/12\/tklogo.png\" alt=\"\" width=\"19\" height=\"20\" \/> Haavaniitide ja klambrite eemaldamine<\/p>\n<p><img loading=\"lazy\" decoding=\"async\" class=\"alignnone wp-image-262\" src=\"https:\/\/tervisekeskus.v-maarja.ee\/outervisekeskus\/wp-content\/uploads\/2017\/12\/tklogo.png\" alt=\"\" width=\"19\" height=\"20\" \/> Pisikirurgia (m\u00e4dakollete avamine)<\/p>\n<p><img loading=\"lazy\" decoding=\"async\" class=\"alignnone wp-image-262\" src=\"https:\/\/tervisekeskus.v-maarja.ee\/outervisekeskus\/wp-content\/uploads\/2017\/12\/tklogo.png\" alt=\"\" width=\"19\" height=\"20\" \/> Sissekasvanud k\u00fc\u00fcne korrigeerimine<\/p>\n<p><img loading=\"lazy\" decoding=\"async\" class=\"alignnone wp-image-262\" src=\"https:\/\/tervisekeskus.v-maarja.ee\/outervisekeskus\/wp-content\/uploads\/2017\/12\/tklogo.png\" alt=\"\" width=\"19\" height=\"20\" \/> Puukide eemaldamine<\/p>\n<p><img loading=\"lazy\" decoding=\"async\" class=\"alignnone wp-image-262\" src=\"https:\/\/tervisekeskus.v-maarja.ee\/outervisekeskus\/wp-content\/uploads\/2017\/12\/tklogo.png\" alt=\"\" width=\"19\" height=\"20\" \/> K\u00f5rvaloputus<\/p>\n<p><img loading=\"lazy\" decoding=\"async\" class=\"alignnone wp-image-262\" src=\"https:\/\/tervisekeskus.v-maarja.ee\/outervisekeskus\/wp-content\/uploads\/2017\/12\/tklogo.png\" alt=\"\" width=\"19\" height=\"20\" \/> N\u00e4gemisteravuse ja v\u00e4rvitaju kontroll<\/p>\n<p><strong>Jalaravi teenus diabeetikutele tasuta kord kvartalis.<\/strong><\/p>\n","protected":false},"excerpt":{"rendered":"<p>EKG teostamine Kopsufunktsiooni uurimine (PEF -meetria) Verer\u00f5hu m\u00f5\u00f5tmine CRV (p\u00f5letiku n\u00e4itaja) kiirtest kapillaarverest \u00a0Veresuhkru ja INR kiirtest kapillaarverest \u00a0Uriini kiirtest S\u00fcstimised Haavade ja p\u00f5letuste sidumine Haavaniitide ja klambrite eemaldamine Pisikirurgia (m\u00e4dakollete avamine) Sissekasvanud k\u00fc\u00fcne korrigeerimine Puukide eemaldamine K\u00f5rvaloputus N\u00e4gemisteravuse ja v\u00e4rvitaju kontroll Jalaravi teenus diabeetikutele tasuta kord kvartalis.<\/p>\n","protected":false},"author":1,"featured_media":0,"parent":0,"menu_order":0,"comment_status":"closed","ping_status":"closed","template":"","meta":{"footnotes":""},"class_list":["post-241","page","type-page","status-publish","hentry"],"_links":{"self":[{"href":"https:\/\/tervisekeskus.v-maarja.ee\/outervisekeskus\/wp-json\/wp\/v2\/pages\/241","targetHints":{"allow":["GET"]}}],"collection":[{"href":"https:\/\/tervisekeskus.v-maarja.ee\/outervisekeskus\/wp-json\/wp\/v2\/pages"}],"about":[{"href":"https:\/\/tervisekeskus.v-maarja.ee\/outervisekeskus\/wp-json\/wp\/v2\/types\/page"}],"author":[{"embeddable":true,"href":"https:\/\/tervisekeskus.v-maarja.ee\/outervisekeskus\/wp-json\/wp\/v2\/users\/1"}],"replies":[{"embeddable":true,"href":"https:\/\/tervisekeskus.v-maarja.ee\/outervisekeskus\/wp-json\/wp\/v2\/comments?post=241"}],"version-history":[{"count":17,"href":"https:\/\/tervisekeskus.v-maarja.ee\/outervisekeskus\/wp-json\/wp\/v2\/pages\/241\/revisions"}],"predecessor-version":[{"id":1252,"href":"https:\/\/tervisekeskus.v-maarja.ee\/outervisekeskus\/wp-json\/wp\/v2\/pages\/241\/revisions\/1252"}],"wp:attachment":[{"href":"https:\/\/tervisekeskus.v-maarja.ee\/outervisekeskus\/wp-json\/wp\/v2\/media?parent=241"}],"curies":[{"name":"wp","href":"https:\/\/api.w.org\/{rel}","templated":true}]}}