{"id":16,"date":"2017-12-08T20:50:51","date_gmt":"2017-12-08T18:50:51","guid":{"rendered":"http:\/\/tervisekeskus.v-maarja.ee\/?page_id=16"},"modified":"2026-01-21T14:24:56","modified_gmt":"2026-01-21T12:24:56","slug":"teenuste-hinnad","status":"publish","type":"page","link":"https:\/\/tervisekeskus.v-maarja.ee\/outervisekeskus\/teenuste-hinnad\/","title":{"rendered":"Tasulised teenused"},"content":{"rendered":"<p>Terviset\u00f5end t\u00f6\u00f6le asumiseks koos anal\u00fc\u00fcsidega<strong>\u00a0 75.-<\/strong><\/p>\n<p>Tasuliste t\u00f5endite v\u00e4ljastamine (kaitseliidule, mootors\u00f5idukijuhtidele k\u00f5ik kategooriad, kindlustusseltsidele, abipolitseinikule, t\u00f6\u00f6le, koolipraktikale v\u00f5i v\u00e4lisriiki \u00f5ppima minekul) <strong>35.-\u00a0<\/strong><\/p>\n<p>Relvaluba<strong> 45.-<\/strong><\/p>\n<p>Koduvisiit <strong>5.- <\/strong>\u00a0(v.a. rasedad alates 12 rasedusn\u00e4dalast, alla 2 a. lapsed, liikumisv\u00f5imetud patsiendid)<\/p>\n<p>Pere\u00f5e vastuv\u00f5tt kindlustamata patsiendile<strong> 25.-\u00a0<\/strong><\/p>\n<p>Perea\u00f5e korduv vastuv\u00f5tt kindlustamata patsiendile <strong>15.-<\/strong><\/p>\n<p>Arsti esmane vastuv\u00f5tt kindlustamata patsiendile <strong>40.-\u00a0<\/strong><\/p>\n<p>Arsti korduv vastuv\u00f5tt kindlustamata patsiendile <strong>25.-\u00a0<\/strong><\/p>\n","protected":false},"excerpt":{"rendered":"<p>Terviset\u00f5end t\u00f6\u00f6le asumiseks koos anal\u00fc\u00fcsidega\u00a0 75.- Tasuliste t\u00f5endite v\u00e4ljastamine (kaitseliidule, mootors\u00f5idukijuhtidele k\u00f5ik kategooriad, kindlustusseltsidele, abipolitseinikule, t\u00f6\u00f6le, koolipraktikale v\u00f5i v\u00e4lisriiki \u00f5ppima minekul) 35.-\u00a0 Relvaluba 45.- Koduvisiit 5.- \u00a0(v.a. rasedad alates 12 rasedusn\u00e4dalast, alla 2 a. lapsed, liikumisv\u00f5imetud patsiendid) Pere\u00f5e vastuv\u00f5tt kindlustamata patsiendile 25.-\u00a0 Perea\u00f5e korduv vastuv\u00f5tt kindlustamata patsiendile 15.- Arsti esmane vastuv\u00f5tt kindlustamata patsiendile 40.-\u00a0 Arsti [&hellip;]<\/p>\n","protected":false},"author":1,"featured_media":0,"parent":0,"menu_order":0,"comment_status":"closed","ping_status":"closed","template":"","meta":{"footnotes":""},"class_list":["post-16","page","type-page","status-publish","hentry"],"_links":{"self":[{"href":"https:\/\/tervisekeskus.v-maarja.ee\/outervisekeskus\/wp-json\/wp\/v2\/pages\/16","targetHints":{"allow":["GET"]}}],"collection":[{"href":"https:\/\/tervisekeskus.v-maarja.ee\/outervisekeskus\/wp-json\/wp\/v2\/pages"}],"about":[{"href":"https:\/\/tervisekeskus.v-maarja.ee\/outervisekeskus\/wp-json\/wp\/v2\/types\/page"}],"author":[{"embeddable":true,"href":"https:\/\/tervisekeskus.v-maarja.ee\/outervisekeskus\/wp-json\/wp\/v2\/users\/1"}],"replies":[{"embeddable":true,"href":"https:\/\/tervisekeskus.v-maarja.ee\/outervisekeskus\/wp-json\/wp\/v2\/comments?post=16"}],"version-history":[{"count":26,"href":"https:\/\/tervisekeskus.v-maarja.ee\/outervisekeskus\/wp-json\/wp\/v2\/pages\/16\/revisions"}],"predecessor-version":[{"id":1695,"href":"https:\/\/tervisekeskus.v-maarja.ee\/outervisekeskus\/wp-json\/wp\/v2\/pages\/16\/revisions\/1695"}],"wp:attachment":[{"href":"https:\/\/tervisekeskus.v-maarja.ee\/outervisekeskus\/wp-json\/wp\/v2\/media?parent=16"}],"curies":[{"name":"wp","href":"https:\/\/api.w.org\/{rel}","templated":true}]}}