{"id":14,"date":"2017-12-08T20:50:32","date_gmt":"2017-12-08T18:50:32","guid":{"rendered":"http:\/\/tervisekeskus.v-maarja.ee\/?page_id=14"},"modified":"2025-03-17T09:24:48","modified_gmt":"2025-03-17T07:24:48","slug":"vastuvott","status":"publish","type":"page","link":"https:\/\/tervisekeskus.v-maarja.ee\/outervisekeskus\/vastuvott\/","title":{"rendered":"Vastuv\u00f5tt"},"content":{"rendered":"<div style=\"text-align: center;\"><\/div>\n<div style=\"text-align: center;\"><strong>Retsepte palume tellida 3 p\u00e4eva enne ravimi v\u00e4ljaostmist tel 325 5313.<\/strong><\/div>\n<p style=\"text-align: center;\">\n<table id=\"tablepress-1\" class=\"tablepress tablepress-id-1\">\n<thead>\n<tr class=\"row-1\">\n\t<td class=\"column-1\"><\/td><th class=\"column-2\">Perearst<br \/>\nTiina Vilimaa<\/th><th class=\"column-3\">Perearst <br \/>\nKadi Ojala<\/th><th class=\"column-4\">Pere\u00f5de<br \/>\n Ivika Meekler<\/th><th class=\"column-5\">Pere\u00f5de\/\u00c4mmaemand<br \/>\nRagne Engaste<\/th><th class=\"column-6\">Ille T\u00f5nts (Laekvere)<\/th><th class=\"column-7\">Lisavastuv\u00f5tud<\/th><th class=\"column-8\">Telefonikonsultatsioonid<\/th><th class=\"column-9\">Vereanal\u00fc\u00fcsid<\/th>\n<\/tr>\n<\/thead>\n<tbody class=\"row-striping row-hover\">\n<tr class=\"row-2\">\n\t<td class=\"column-1\">ESMASP\u00c4EV<\/td><td class=\"column-2\"><\/td><td class=\"column-3\">09.30-1300<\/td><td class=\"column-4\">08.00-13.00<\/td><td class=\"column-5\">08.00-14.00<\/td><td class=\"column-6\">08.00-13.00<\/td><td class=\"column-7\"><\/td><td class=\"column-8\">10.00-11.00 \u00d5DE<\/td><td class=\"column-9\">08.00-10.00<\/td>\n<\/tr>\n<tr class=\"row-3\">\n\t<td class=\"column-1\">TEISIP\u00c4EV<\/td><td class=\"column-2\">Kuu I n\u00e4dal<br \/>\nV\u00e4ike-Maarjas<br \/>\n08.30-13.00<br \/>\nLaekveres<br \/>\n12.00-16.00<\/td><td class=\"column-3\"><\/td><td class=\"column-4\">08.00-12.00<br \/>\n13.00-18.00 jalaravi<\/td><td class=\"column-5\">08.00-14.00<\/td><td class=\"column-6\">07.00-17.00<\/td><td class=\"column-7\"><\/td><td class=\"column-8\">10.00-11.00 \u00d5DE<br \/>\n<\/td><td class=\"column-9\">08.00-10.00<\/td>\n<\/tr>\n<tr class=\"row-4\">\n\t<td class=\"column-1\">KOLMAP\u00c4EV<\/td><td class=\"column-2\"><\/td><td class=\"column-3\">15.00-18.00<\/td><td class=\"column-4\">10.00-18.00<\/td><td class=\"column-5\">08.00-14.00<br \/>\n\u00e4mmaemand<\/td><td class=\"column-6\">08.00-13.00<br \/>\n<\/td><td class=\"column-7\"><\/td><td class=\"column-8\">10.00-11.00 \u00d5DE<\/td><td class=\"column-9\">11.00-13.00<\/td>\n<\/tr>\n<tr class=\"row-5\">\n\t<td class=\"column-1\">NELJAP\u00c4EV<\/td><td class=\"column-2\">Kuu I n\u00e4dal<br \/>\nV\u00e4ike-Maarjas <br \/>\n08.30-13.00<br \/>\nLaekveres<br \/>\n08.30-13.00<\/td><td class=\"column-3\">09.00-13.00<\/td><td class=\"column-4\">08.00-13.00<\/td><td class=\"column-5\">08.00-14.00<\/td><td class=\"column-6\">08.00-13.00<\/td><td class=\"column-7\"><\/td><td class=\"column-8\">10.00-11.00 \u00d5DE<br \/>\n<\/td><td class=\"column-9\">08.00-10.00<\/td>\n<\/tr>\n<tr class=\"row-6\">\n\t<td class=\"column-1\">REEDE<\/td><td class=\"column-2\"><\/td><td class=\"column-3\">-<\/td><td class=\"column-4\">08.00-13.00<\/td><td class=\"column-5\">08.00-14.00<\/td><td class=\"column-6\">08.00-13.00<\/td><td class=\"column-7\"><\/td><td class=\"column-8\">10.00-11.00 \u00d5DE<\/td><td class=\"column-9\">08.00-10.00<\/td>\n<\/tr>\n<\/tbody>\n<\/table>\n<!-- #tablepress-1 from cache --><\/p>\n<p style=\"text-align: center;\">Erakorralise haigusseisundi korral v\u00e4ljaspool perearsti praksise t\u00f6\u00f6aega p\u00f6\u00f6rduda kiirabisse, telefon <strong>112<\/strong><br \/>\nPerearsti n\u00f5uandetelefon &#8211; <strong>1220<\/strong><br \/>\nTallinna Lastehaigla n\u00f5uandetelefon &#8211; <strong>1599<\/strong><br \/>\nRakvere haigla EMO, L\u00f5una P\u00f5ik 1 Rakvere\u00a0<strong><a href=\"http:\/\/www.rh.ee\/\">http:\/\/www.rh.ee\/<\/a><\/strong><\/p>\n","protected":false},"excerpt":{"rendered":"<p>Retsepte palume tellida 3 p\u00e4eva enne ravimi v\u00e4ljaostmist tel 325 5313. Erakorralise haigusseisundi korral v\u00e4ljaspool perearsti praksise t\u00f6\u00f6aega p\u00f6\u00f6rduda kiirabisse, telefon 112 Perearsti n\u00f5uandetelefon &#8211; 1220 Tallinna Lastehaigla n\u00f5uandetelefon &#8211; 1599 Rakvere haigla EMO, L\u00f5una P\u00f5ik 1 Rakvere\u00a0http:\/\/www.rh.ee\/<\/p>\n","protected":false},"author":1,"featured_media":0,"parent":0,"menu_order":0,"comment_status":"closed","ping_status":"closed","template":"","meta":{"footnotes":""},"class_list":["post-14","page","type-page","status-publish","hentry"],"_links":{"self":[{"href":"https:\/\/tervisekeskus.v-maarja.ee\/outervisekeskus\/wp-json\/wp\/v2\/pages\/14","targetHints":{"allow":["GET"]}}],"collection":[{"href":"https:\/\/tervisekeskus.v-maarja.ee\/outervisekeskus\/wp-json\/wp\/v2\/pages"}],"about":[{"href":"https:\/\/tervisekeskus.v-maarja.ee\/outervisekeskus\/wp-json\/wp\/v2\/types\/page"}],"author":[{"embeddable":true,"href":"https:\/\/tervisekeskus.v-maarja.ee\/outervisekeskus\/wp-json\/wp\/v2\/users\/1"}],"replies":[{"embeddable":true,"href":"https:\/\/tervisekeskus.v-maarja.ee\/outervisekeskus\/wp-json\/wp\/v2\/comments?post=14"}],"version-history":[{"count":20,"href":"https:\/\/tervisekeskus.v-maarja.ee\/outervisekeskus\/wp-json\/wp\/v2\/pages\/14\/revisions"}],"predecessor-version":[{"id":1531,"href":"https:\/\/tervisekeskus.v-maarja.ee\/outervisekeskus\/wp-json\/wp\/v2\/pages\/14\/revisions\/1531"}],"wp:attachment":[{"href":"https:\/\/tervisekeskus.v-maarja.ee\/outervisekeskus\/wp-json\/wp\/v2\/media?parent=14"}],"curies":[{"name":"wp","href":"https:\/\/api.w.org\/{rel}","templated":true}]}}